{"id":101,"date":"2012-10-02T15:19:02","date_gmt":"2012-10-02T13:19:02","guid":{"rendered":"http:\/\/zum-griechen-stollberg.de\/wordpress\/?page_id=101"},"modified":"2020-04-04T17:56:41","modified_gmt":"2020-04-04T16:56:41","slug":"hackfleischgerichte-und-grillteller","status":"publish","type":"page","link":"https:\/\/www.zum-griechen-stollberg.de\/en\/hackfleischgerichte-und-grillteller\/","title":{"rendered":"Hackfleischgerichte und Grillteller"},"content":{"rendered":"<h2>Hackfleischgerichte<\/h2>\n<div class=\"angebote_entry\">\n<div class=\"speisekarte_links\">\n\t\t<strong>Bifteki<\/strong><\/p>\n<p>zwei griechische Hacksteaks mit Tsatziki, Salat und Beilage<\/p>\n<\/p><\/div>\n<\/div>\n<div class=\"angebote_entry\">\n<div class=\"speisekarte_links\">\n\t\t<strong>Bifteki gemisto<\/strong><\/p>\n<p>griechisches Hacksteak, gef\u00fcllt mit Tomate und Schafsk\u00e4se, dazu Tsatziki, Salat und Beilage<\/p>\n<\/p><\/div>\n<\/div>\n<div class=\"angebote_entry\">\n<div class=\"speisekarte_links\">\n\t\t<strong>Suzukakia<\/strong><\/p>\n<p>Pikante Hackfleischr\u00f6llchen, dazu Tsatziki, Salat und Beilage<\/p>\n<\/p><\/div>\n<\/div>\n<h2>Grillteller<\/h2>\n<div class=\"angebote_entry\">\n<div class=\"speisekarte_links\">\n\t\t<strong>Grillteller Capatros<\/strong><\/p>\n<p>1 Souflaki, 1 Bifteki, Gyros, dazu Tsatziki, Salat und Beilage<\/p>\n<\/p><\/div>\n<\/div>\n<div class=\"angebote_entry\">\n<div class=\"speisekarte_links\">\n\t\t<strong>Grillteller Zeus<\/strong><\/p>\n<p>1 Souflaki, 1 Bifteki, 1 Lammkotelett, 1 Putensteak, Gyros, dazu Tsatziki, Salat und Beilage<\/p>\n<\/p><\/div>\n<\/div>\n<div class=\"angebote_entry\">\n<div class=\"speisekarte_links\">\n\t\t<strong>Grillteller Kyriakos<\/strong><\/p>\n<p>1 Souflaki, 2 Bifteki, dazu Tsatziki, Salat und Beilage<\/p>\n<\/p><\/div>\n<\/div>\n<div class=\"angebote_entry\">\n<div class=\"speisekarte_links\">\n\t\t<strong>Argonauten &#8211; Teller<\/strong><\/p>\n<p>1 Souflaki, 1 Bifteki, 1 Lammkotelett, Gyros, dazu Tsatziki, Salat und Beilage<\/p>\n<\/p><\/div>\n<\/div>\n<div class=\"angebote_entry\">\n<div class=\"speisekarte_links\">\n \t\t<strong>Grillteller Papadopulos<\/strong><\/p>\n<p>1 Bifteki, 1 Putensteak, Leber, Gyros, dazu Tsatziki, Salat und Beilage<\/p>\n<\/p><\/div>\n<\/div>\n<div class=\"angebote_entry\">\n<div class=\"speisekarte_links\">\n \t\t<strong>Grillteller Pilon<\/strong><\/p>\n<p>Leber und Gyros, dazu Tsatziki, Salat und Beilage<\/p>\n<\/p><\/div>\n<\/div>\n<div class=\"angebote_entry\">\n<div class=\"speisekarte_links\">\n \t\t<strong>Grillteller Volos \u00fcberbacken<\/strong><\/p>\n<p>Gyros, Bifteki und Schweinesteak in Metaxasauce und K\u00e4se \u00fcberbacken, dazu Salat<\/p>\n<\/p><\/div>\n<\/div>\n<div class=\"angebote_entry\">\n<div class=\"speisekarte_links\">\n \t\t<strong>Grillteller Skiathos<\/strong><\/p>\n<p>Lammkotletts und Lammfilet, dazu Tsatziki, Salat und Beilage<\/p>\n<\/p><\/div>\n<\/div>\n<p>Auf Wunsch k\u00f6nnen wir Ihnen Gerichte aus unserer Karte auch als Seniorenportion servieren. Fragen Sie dazu unser Personal!<\/p>","protected":false},"excerpt":{"rendered":"<p>Hackfleischgerichte Bifteki zwei griechische Hacksteaks mit Tsatziki, Salat und Beilage Bifteki gemisto griechisches Hacksteak, gef\u00fcllt mit Tomate und Schafsk\u00e4se, dazu Tsatziki, Salat und Beilage Suzukakia Pikante Hackfleischr\u00f6llchen, dazu Tsatziki, Salat und Beilage Grillteller Grillteller Capatros 1 Souflaki, 1 Bifteki, Gyros, dazu Tsatziki, Salat und Beilage Grillteller Zeus 1 Souflaki, 1 Bifteki, 1 Lammkotelett, 1 Putensteak, &hellip; <a href=\"https:\/\/www.zum-griechen-stollberg.de\/en\/hackfleischgerichte-und-grillteller\/\" class=\"more-link\">Continue reading <span class=\"screen-reader-text\">Hackfleischgerichte und Grillteller<\/span><\/a><\/p>","protected":false},"author":1,"featured_media":0,"parent":0,"menu_order":0,"comment_status":"open","ping_status":"open","template":"","meta":{"ngg_post_thumbnail":0,"footnotes":""},"class_list":["post-101","page","type-page","status-publish","hentry"],"_links":{"self":[{"href":"https:\/\/www.zum-griechen-stollberg.de\/en\/wp-json\/wp\/v2\/pages\/101","targetHints":{"allow":["GET"]}}],"collection":[{"href":"https:\/\/www.zum-griechen-stollberg.de\/en\/wp-json\/wp\/v2\/pages"}],"about":[{"href":"https:\/\/www.zum-griechen-stollberg.de\/en\/wp-json\/wp\/v2\/types\/page"}],"author":[{"embeddable":true,"href":"https:\/\/www.zum-griechen-stollberg.de\/en\/wp-json\/wp\/v2\/users\/1"}],"replies":[{"embeddable":true,"href":"https:\/\/www.zum-griechen-stollberg.de\/en\/wp-json\/wp\/v2\/comments?post=101"}],"version-history":[{"count":8,"href":"https:\/\/www.zum-griechen-stollberg.de\/en\/wp-json\/wp\/v2\/pages\/101\/revisions"}],"predecessor-version":[{"id":1490,"href":"https:\/\/www.zum-griechen-stollberg.de\/en\/wp-json\/wp\/v2\/pages\/101\/revisions\/1490"}],"wp:attachment":[{"href":"https:\/\/www.zum-griechen-stollberg.de\/en\/wp-json\/wp\/v2\/media?parent=101"}],"curies":[{"name":"wp","href":"https:\/\/api.w.org\/{rel}","templated":true}]}}