{"id":105,"date":"2012-10-02T15:20:30","date_gmt":"2012-10-02T13:20:30","guid":{"rendered":"http:\/\/zum-griechen-stollberg.de\/wordpress\/?page_id=105"},"modified":"2020-04-04T17:55:38","modified_gmt":"2020-04-04T16:55:38","slug":"uberbackene-gerichte","status":"publish","type":"page","link":"https:\/\/www.zum-griechen-stollberg.de\/en\/uberbackene-gerichte\/","title":{"rendered":"\u00dcberbackene Gerichte"},"content":{"rendered":"<div class=\"angebote_entry\">\n<div class=\"speisekarte_links\">\n\t\t<strong>Gyros \u00fcberbacken<\/strong><\/p>\n<p>mit Metaxasauce, Spaghetti und K\u00e4se \u00fcberbacken, dazu Salat<\/p>\n<\/p><\/div>\n<\/div>\n<div class=\"angebote_entry\">\n<div class=\"speisekarte_links\">\n\t\t<strong>Bifteki \u00fcberbacken<\/strong><\/p>\n<p>Hacksteaks in Metaxasauce, \u00fcberbacken mit K\u00e4se, dazu Salat und Beilage<\/p>\n<\/p><\/div>\n<\/div>\n<div class=\"angebote_entry\">\n<div class=\"speisekarte_links\">\n\t\t<strong>Putenbrustfilet \u00fcberbacken<\/strong><\/p>\n<p>mit Metaxasauce, Ananas und K\u00e4se \u00fcberbacken, dazu Salat und Beilage<\/p>\n<\/p><\/div>\n<\/div>\n<div class=\"angebote_entry\">\n<div class=\"speisekarte_links\">\n\t\t<strong>Suzukakia \u00fcberbacken<\/strong><\/p>\n<p>Hackfleischr\u00f6llchen in Metaxasauce mit K\u00e4se \u00fcberbacken, dazu Salat und Beilage<\/p>\n<\/p><\/div>\n<\/div>\n<div class=\"angebote_entry\">\n<div class=\"speisekarte_links\">\n\t\t<strong>Schweinesteak \u00fcberbacken<\/strong><\/p>\n<p>mit Metaxasauce, Ananas und K\u00e4se \u00fcberbacken, dazu Salat und Beilage<\/p>\n<\/p><\/div>\n<\/div>\n<div class=\"angebote_entry\">\n<div class=\"speisekarte_links\">\n\t\t<strong>Gyros \u00fcberbacken<\/strong><\/p>\n<p>mit Champignonsauce und K\u00e4se \u00fcberbacken, dazu Salat und Beilage<\/p>\n<\/p><\/div>\n<\/div>\n<div class=\"angebote_entry\">\n<div class=\"speisekarte_links\">\n\t\t<strong>Bifteki gemisto \u00fcberbacken<\/strong><\/p>\n<p>Hacksteak gef\u00fcllt mit Schafsk\u00e4se und Tomate in Metaxasauce und K\u00e4se \u00fcberbacken, dazu Salat und Beilage<\/p>\n<\/p><\/div>\n<\/div>\n<div class=\"angebote_entry\">\n<div class=\"speisekarte_links\">\n\t\t<strong>gegrillte H\u00e4hnchenbrust<\/strong><\/p>\n<p>\u00fcberbacken, mit Champignonsauce und K\u00e4se, dazu Salat und Beilage<\/p>\n<\/p><\/div>\n<\/div>\n<h3>Zu allen Hauptgerichten reichen wir Ihnen einen kleinen Salat!<\/h3>\n<p>Auf Wunsch k\u00f6nnen wir Ihnen Gerichte aus unserer Karte auch als Seniorenportion servieren. Fragen Sie dazu unser Personal!<\/p>","protected":false},"excerpt":{"rendered":"<p>Gyros \u00fcberbacken mit Metaxasauce, Spaghetti und K\u00e4se \u00fcberbacken, dazu Salat Bifteki \u00fcberbacken Hacksteaks in Metaxasauce, \u00fcberbacken mit K\u00e4se, dazu Salat und Beilage Putenbrustfilet \u00fcberbacken mit Metaxasauce, Ananas und K\u00e4se \u00fcberbacken, dazu Salat und Beilage Suzukakia \u00fcberbacken Hackfleischr\u00f6llchen in Metaxasauce mit K\u00e4se \u00fcberbacken, dazu Salat und Beilage Schweinesteak \u00fcberbacken mit Metaxasauce, Ananas und K\u00e4se \u00fcberbacken, dazu &hellip; <a href=\"https:\/\/www.zum-griechen-stollberg.de\/en\/uberbackene-gerichte\/\" class=\"more-link\">Continue reading <span class=\"screen-reader-text\">\u00dcberbackene Gerichte<\/span><\/a><\/p>","protected":false},"author":1,"featured_media":0,"parent":0,"menu_order":0,"comment_status":"open","ping_status":"open","template":"","meta":{"ngg_post_thumbnail":0,"footnotes":""},"class_list":["post-105","page","type-page","status-publish","hentry"],"_links":{"self":[{"href":"https:\/\/www.zum-griechen-stollberg.de\/en\/wp-json\/wp\/v2\/pages\/105","targetHints":{"allow":["GET"]}}],"collection":[{"href":"https:\/\/www.zum-griechen-stollberg.de\/en\/wp-json\/wp\/v2\/pages"}],"about":[{"href":"https:\/\/www.zum-griechen-stollberg.de\/en\/wp-json\/wp\/v2\/types\/page"}],"author":[{"embeddable":true,"href":"https:\/\/www.zum-griechen-stollberg.de\/en\/wp-json\/wp\/v2\/users\/1"}],"replies":[{"embeddable":true,"href":"https:\/\/www.zum-griechen-stollberg.de\/en\/wp-json\/wp\/v2\/comments?post=105"}],"version-history":[{"count":10,"href":"https:\/\/www.zum-griechen-stollberg.de\/en\/wp-json\/wp\/v2\/pages\/105\/revisions"}],"predecessor-version":[{"id":1498,"href":"https:\/\/www.zum-griechen-stollberg.de\/en\/wp-json\/wp\/v2\/pages\/105\/revisions\/1498"}],"wp:attachment":[{"href":"https:\/\/www.zum-griechen-stollberg.de\/en\/wp-json\/wp\/v2\/media?parent=105"}],"curies":[{"name":"wp","href":"https:\/\/api.w.org\/{rel}","templated":true}]}}