{"id":2227,"date":"2021-03-11T22:37:50","date_gmt":"2021-03-11T21:37:50","guid":{"rendered":"https:\/\/www.zum-griechen-stollberg.de\/?page_id=2227"},"modified":"2021-11-21T20:51:22","modified_gmt":"2021-11-21T19:51:22","slug":"burger-to-go","status":"publish","type":"page","link":"https:\/\/www.zum-griechen-stollberg.de\/en\/burger-to-go\/","title":{"rendered":"Burger &#038; Pita &#8211; To Go <!--<span style=\"font-size: 18px\"><br\/>(t\u00e4glich bis 17:30 Uhr)<\/span>-->"},"content":{"rendered":"<p><strong>Gyros-Burger-Men\u00fc f\u00fcr 13 \u20ac<\/strong><br \/>\n<img loading=\"lazy\" decoding=\"async\" class=\"aligncenter size-full wp-image-2219\" src=\"https:\/\/www.zum-griechen-stollberg.de\/wp-content\/uploads\/2021\/03\/seitenbanner-gyros2.png\" alt=\"\" width=\"825\" height=\"510\"> XXL burger bun with tasty tzatziki and lettuce, tomato and onion, gyros from the\nspit and cheese.<br \/>\nOptionally with chips or wedges.<\/p>\n<hr>\n<p><strong>Bifteki-Burger-Men\u00fc f\u00fcr 13 \u20ac<\/strong><br \/>\n<img loading=\"lazy\" decoding=\"async\" class=\"aligncenter size-full wp-image-2230\" src=\"https:\/\/www.zum-griechen-stollberg.de\/wp-content\/uploads\/2021\/03\/seitenbanner-bifetki1-2.png\" alt=\"\" width=\"825\" height=\"510\"> XXL burger bun with tasty tzatziki and lettuce, tomato and onion, homemade\nbifteki from the lava stone grill (pork and beef) and cheese.<br \/>\nOptionally with chips or wedges.<\/p>\n<hr>\n<p><strong>Bifteki-gemisto-Burger-Men\u00fc f\u00fcr 13 \u20ac<\/strong><br \/>\n<img loading=\"lazy\" decoding=\"async\" class=\"aligncenter size-full wp-image-2220\" src=\"https:\/\/www.zum-griechen-stollberg.de\/wp-content\/uploads\/2021\/03\/seitenbanner-bifetki-gemisto.png\" alt=\"\" width=\"825\" height=\"510\"> XXL burger bun with tasty tzatziki and lettuce, tomato and onion,<br \/>\nhomemade bifteki stuffed with feta, olive and tomato grilled\/barbecued on the lava stone grill\n(pork and beef) and cheese.<br \/>\nOptionally with chips or wedges.<\/p>\n<hr>\n<h2>Pita to go<\/h2>\n<p><img loading=\"lazy\" decoding=\"async\" class=\"aligncenter size-full wp-image-2248\" src=\"https:\/\/www.zum-griechen-stollberg.de\/wp-content\/uploads\/2021\/11\/gyros-pita3a.png\" alt=\"\" width=\"1000\" height=\"1000\">gyros pita for 7,00\u20ac<br \/>\nGrilled pita bread with tzatziki, gyros from the spit, tomato, onion and chips<\/p>\n<hr>\n<p><img loading=\"lazy\" decoding=\"async\" class=\"aligncenter size-full wp-image-2247\" src=\"https:\/\/www.zum-griechen-stollberg.de\/wp-content\/uploads\/2021\/03\/pita-vegetarisch.png\" alt=\"\" width=\"1080\" height=\"1080\" srcset=\"https:\/\/www.zum-griechen-stollberg.de\/wp-content\/uploads\/2021\/03\/pita-vegetarisch.png 1080w, https:\/\/www.zum-griechen-stollberg.de\/wp-content\/uploads\/2021\/03\/pita-vegetarisch-300x300.png 300w, https:\/\/www.zum-griechen-stollberg.de\/wp-content\/uploads\/2021\/03\/pita-vegetarisch-1024x1024.png 1024w, https:\/\/www.zum-griechen-stollberg.de\/wp-content\/uploads\/2021\/03\/pita-vegetarisch-150x150.png 150w, https:\/\/www.zum-griechen-stollberg.de\/wp-content\/uploads\/2021\/03\/pita-vegetarisch-768x768.png 768w, https:\/\/www.zum-griechen-stollberg.de\/wp-content\/uploads\/2021\/03\/pita-vegetarisch-350x350.png 350w, https:\/\/www.zum-griechen-stollberg.de\/wp-content\/uploads\/2021\/03\/pita-vegetarisch-100x100.png 100w\" sizes=\"auto, (max-width: 1080px) 100vw, 1080px\" \/>Gyros Pita vegetarisch f\u00fcr 7,00 \u20ac (neu)<br \/>\nGegrilltes Pitabrot mit Zatziki und Gigantes( rote Riesenbohnen) Tomate, Zwiebel und Pommes<\/p>\n<hr>\n<p><img loading=\"lazy\" decoding=\"async\" src=\"https:\/\/www.zum-griechen-stollberg.de\/wp-content\/uploads\/2021\/11\/gyros-pita-pizza.jpeg\" alt=\"\" width=\"1080\" height=\"1080\" class=\"aligncenter size-full wp-image-2365\" srcset=\"https:\/\/www.zum-griechen-stollberg.de\/wp-content\/uploads\/2021\/11\/gyros-pita-pizza.jpeg 1080w, https:\/\/www.zum-griechen-stollberg.de\/wp-content\/uploads\/2021\/11\/gyros-pita-pizza-300x300.jpeg 300w, https:\/\/www.zum-griechen-stollberg.de\/wp-content\/uploads\/2021\/11\/gyros-pita-pizza-1024x1024.jpeg 1024w, https:\/\/www.zum-griechen-stollberg.de\/wp-content\/uploads\/2021\/11\/gyros-pita-pizza-150x150.jpeg 150w, https:\/\/www.zum-griechen-stollberg.de\/wp-content\/uploads\/2021\/11\/gyros-pita-pizza-768x768.jpeg 768w, https:\/\/www.zum-griechen-stollberg.de\/wp-content\/uploads\/2021\/11\/gyros-pita-pizza-12x12.jpeg 12w, https:\/\/www.zum-griechen-stollberg.de\/wp-content\/uploads\/2021\/11\/gyros-pita-pizza-350x350.jpeg 350w, https:\/\/www.zum-griechen-stollberg.de\/wp-content\/uploads\/2021\/11\/gyros-pita-pizza-100x100.jpeg 100w\" sizes=\"auto, (max-width: 1080px) 100vw, 1080px\" \/>Gyros Pita Pizza mit Tzatziki 12,00\u20ac<\/p>\n<hr>\n<p><strong>Dimi \u0301s recommendation:\n(Please order additionally)<\/strong><br \/>\nTzatziki<br \/>\nKetchup<br \/>\nMayo<br \/>\nMetaxa sauce<\/p>\n<p><strong>Drinks to go<\/strong><br \/>\nhomemade lemonade<br \/>\nMythosbeer<br \/>\nCocktails<\/p>","protected":false},"excerpt":{"rendered":"<p>Gyros-Burger-Men\u00fc f\u00fcr 13 \u20ac XXL Burgerbr\u00f6tchen mit lecker Tzatziki und Salat, Tomate und Zwiebel, Gyros vom Drehspie\u00df und K\u00e4se. wahlweise mit Pommes oder Wedges (Kartoffelspalten) Bifteki-Burger-Men\u00fc f\u00fcr 13 \u20ac XXL B\u00fcrgerbr\u00f6tchen mit lecker Tzatziki und Salat, Tomate und Zwiebel, hausgemachtes Bifteki vom Lavasteingrill (aus Schwein und Rind) und K\u00e4se. wahlweise mit Pommes oder Wedges (Kartoffelspalten) &hellip; <a href=\"https:\/\/www.zum-griechen-stollberg.de\/en\/burger-to-go\/\" class=\"more-link\">Continue reading <span class=\"screen-reader-text\">Burger &#038; Pita &#8211; To Go <!--<span style=\"font-size: 18px\"><br \/>(t\u00e4glich bis 17:30 Uhr)<\/span>--><\/span><\/a><\/p>","protected":false},"author":1,"featured_media":0,"parent":0,"menu_order":0,"comment_status":"closed","ping_status":"closed","template":"","meta":{"ngg_post_thumbnail":0,"footnotes":""},"class_list":["post-2227","page","type-page","status-publish","hentry"],"_links":{"self":[{"href":"https:\/\/www.zum-griechen-stollberg.de\/en\/wp-json\/wp\/v2\/pages\/2227","targetHints":{"allow":["GET"]}}],"collection":[{"href":"https:\/\/www.zum-griechen-stollberg.de\/en\/wp-json\/wp\/v2\/pages"}],"about":[{"href":"https:\/\/www.zum-griechen-stollberg.de\/en\/wp-json\/wp\/v2\/types\/page"}],"author":[{"embeddable":true,"href":"https:\/\/www.zum-griechen-stollberg.de\/en\/wp-json\/wp\/v2\/users\/1"}],"replies":[{"embeddable":true,"href":"https:\/\/www.zum-griechen-stollberg.de\/en\/wp-json\/wp\/v2\/comments?post=2227"}],"version-history":[{"count":23,"href":"https:\/\/www.zum-griechen-stollberg.de\/en\/wp-json\/wp\/v2\/pages\/2227\/revisions"}],"predecessor-version":[{"id":2366,"href":"https:\/\/www.zum-griechen-stollberg.de\/en\/wp-json\/wp\/v2\/pages\/2227\/revisions\/2366"}],"wp:attachment":[{"href":"https:\/\/www.zum-griechen-stollberg.de\/en\/wp-json\/wp\/v2\/media?parent=2227"}],"curies":[{"name":"wp","href":"https:\/\/api.w.org\/{rel}","templated":true}]}}