{"id":2605,"date":"2024-05-30T20:31:55","date_gmt":"2024-05-30T19:31:55","guid":{"rendered":"https:\/\/www.zum-griechen-stollberg.de\/?page_id=2605"},"modified":"2024-06-01T23:50:50","modified_gmt":"2024-06-01T22:50:50","slug":"raeumlichkeiten","status":"publish","type":"page","link":"https:\/\/www.zum-griechen-stollberg.de\/en\/raeumlichkeiten\/","title":{"rendered":"R\u00e4umlichkeiten"},"content":{"rendered":"<p>Unser Restaurant verf\u00fcgt \u00fcber unterschiedliche R\u00e4umlichkeiten f\u00fcr jeden Anlass<\/p>\n<p><strong>Unser gro\u00dfer Gastraum <\/strong>mit ca. 80 Pl\u00e4tzen<br \/>\nOb zu zweit oder mit der ganzen Familie bietet unser gro\u00dfer Gastraum f\u00fcr jeden den passende Platz in griechischer Gem\u00fchtlichkeit.<\/p>\n<hr>\n<p><strong>urige Gastlichkeit im Kaminzimmer <\/strong>mit ca. 35 Pl\u00e4tzen<br \/>\n<img decoding=\"async\" src=\"https:\/\/www.zum-griechen-stollberg.de\/wp-content\/uploads\/2024\/06\/IMG_3607.jpg\" alt=\"\" class=\"aligncenter size-medium wp-image-2619\" \/><\/a>Ihr sucht eine passende R\u00e4umlichkeit, f\u00fcr eure Feier von bis ca. 35 Personen? Dann ist unser Kaminzimmer genau die richtige Idee. Selbstverst\u00e4ndlich k\u00f6nnt ihr es auch an Wochenenden und Feiertagen f\u00fcr eure Feiern buchen.<br \/>\nBitte habt dabei Verst\u00e4ndnis, dass dies erst ab einer Personenzahl von 20 hungrigen, erwachsenen Genie\u00dfern m\u00f6glich ist. Anderenfalls kann es durchaus m\u00f6glich sein, dass wir die verbleibende Fl\u00e4che nutzen, um weitere G\u00e4ste an eigenen Tischen mit unserer griechischen Gastlichkeit zu begr\u00fc\u00dfen.<\/p>\n<p>Solltet ihr in kleinerer Runde unser Kaminzimmer buchen, ist dies selbstverst\u00e4ndlich m\u00f6glich. Hierbei erheben wir jedoch eine entsprechende Tischpauschale.<\/p>\n<hr>\n<p><strong>F\u00fcr Ausblickgenie\u00dfer gibt\u00b4s unseres Vierjahreszeiten-Biergarten (Wintergarten)<\/strong> mit ca. 50 Pl\u00e4tzen<br \/>\n<div class=\"su-image-carousel  su-image-carousel-has-spacing su-image-carousel-crop su-image-carousel-crop-4-3 su-image-carousel-has-outline su-image-carousel-adaptive su-image-carousel-slides-style-default su-image-carousel-controls-style-dark su-image-carousel-align-none\" style=\"\" data-flickity-options='{\"groupCells\":true,\"cellSelector\":\".su-image-carousel-item\",\"adaptiveHeight\":false,\"cellAlign\":\"left\",\"prevNextButtons\":true,\"pageDots\":true,\"autoPlay\":5000,\"imagesLoaded\":true,\"contain\":true,\"selectedAttraction\":0.025000000000000001387778780781445675529539585113525390625,\"friction\":0.2800000000000000266453525910037569701671600341796875}' id=\"su_image_carousel_69e33cfa9daae\"><div class=\"su-image-carousel-item\"><div class=\"su-image-carousel-item-content\"><img loading=\"lazy\" decoding=\"async\" width=\"660\" height=\"495\" src=\"https:\/\/www.zum-griechen-stollberg.de\/wp-content\/uploads\/2024\/06\/IMG_3586-1024x768.jpg\" class=\"\" alt=\"\" srcset=\"https:\/\/www.zum-griechen-stollberg.de\/wp-content\/uploads\/2024\/06\/IMG_3586-1024x768.jpg 1024w, https:\/\/www.zum-griechen-stollberg.de\/wp-content\/uploads\/2024\/06\/IMG_3586-300x225.jpg 300w, https:\/\/www.zum-griechen-stollberg.de\/wp-content\/uploads\/2024\/06\/IMG_3586-768x576.jpg 768w, https:\/\/www.zum-griechen-stollberg.de\/wp-content\/uploads\/2024\/06\/IMG_3586-1536x1152.jpg 1536w, https:\/\/www.zum-griechen-stollberg.de\/wp-content\/uploads\/2024\/06\/IMG_3586-2048x1536.jpg 2048w, https:\/\/www.zum-griechen-stollberg.de\/wp-content\/uploads\/2024\/06\/IMG_3586-16x12.jpg 16w, https:\/\/www.zum-griechen-stollberg.de\/wp-content\/uploads\/2024\/06\/IMG_3586-200x150.jpg 200w, https:\/\/www.zum-griechen-stollberg.de\/wp-content\/uploads\/2024\/06\/IMG_3586-350x263.jpg 350w\" sizes=\"auto, (max-width: 660px) 100vw, 660px\" \/><\/div><\/div><div class=\"su-image-carousel-item\"><div class=\"su-image-carousel-item-content\"><img loading=\"lazy\" decoding=\"async\" width=\"660\" height=\"495\" src=\"https:\/\/www.zum-griechen-stollberg.de\/wp-content\/uploads\/2024\/06\/IMG_3587-1024x768.jpg\" class=\"\" alt=\"\" srcset=\"https:\/\/www.zum-griechen-stollberg.de\/wp-content\/uploads\/2024\/06\/IMG_3587-1024x768.jpg 1024w, https:\/\/www.zum-griechen-stollberg.de\/wp-content\/uploads\/2024\/06\/IMG_3587-300x225.jpg 300w, https:\/\/www.zum-griechen-stollberg.de\/wp-content\/uploads\/2024\/06\/IMG_3587-768x576.jpg 768w, https:\/\/www.zum-griechen-stollberg.de\/wp-content\/uploads\/2024\/06\/IMG_3587-1536x1152.jpg 1536w, https:\/\/www.zum-griechen-stollberg.de\/wp-content\/uploads\/2024\/06\/IMG_3587-2048x1536.jpg 2048w, https:\/\/www.zum-griechen-stollberg.de\/wp-content\/uploads\/2024\/06\/IMG_3587-16x12.jpg 16w, https:\/\/www.zum-griechen-stollberg.de\/wp-content\/uploads\/2024\/06\/IMG_3587-200x150.jpg 200w, https:\/\/www.zum-griechen-stollberg.de\/wp-content\/uploads\/2024\/06\/IMG_3587-350x263.jpg 350w\" sizes=\"auto, (max-width: 660px) 100vw, 660px\" \/><\/div><\/div><div class=\"su-image-carousel-item\"><div class=\"su-image-carousel-item-content\"><img loading=\"lazy\" decoding=\"async\" width=\"660\" height=\"495\" src=\"https:\/\/www.zum-griechen-stollberg.de\/wp-content\/uploads\/2024\/06\/IMG_3499-1024x768.jpg\" class=\"\" alt=\"\" srcset=\"https:\/\/www.zum-griechen-stollberg.de\/wp-content\/uploads\/2024\/06\/IMG_3499-1024x768.jpg 1024w, https:\/\/www.zum-griechen-stollberg.de\/wp-content\/uploads\/2024\/06\/IMG_3499-300x225.jpg 300w, https:\/\/www.zum-griechen-stollberg.de\/wp-content\/uploads\/2024\/06\/IMG_3499-768x576.jpg 768w, https:\/\/www.zum-griechen-stollberg.de\/wp-content\/uploads\/2024\/06\/IMG_3499-1536x1152.jpg 1536w, https:\/\/www.zum-griechen-stollberg.de\/wp-content\/uploads\/2024\/06\/IMG_3499-2048x1536.jpg 2048w, https:\/\/www.zum-griechen-stollberg.de\/wp-content\/uploads\/2024\/06\/IMG_3499-16x12.jpg 16w, https:\/\/www.zum-griechen-stollberg.de\/wp-content\/uploads\/2024\/06\/IMG_3499-200x150.jpg 200w, https:\/\/www.zum-griechen-stollberg.de\/wp-content\/uploads\/2024\/06\/IMG_3499-350x263.jpg 350w\" sizes=\"auto, (max-width: 660px) 100vw, 660px\" \/><\/div><\/div><div class=\"su-image-carousel-item\"><div class=\"su-image-carousel-item-content\"><img loading=\"lazy\" decoding=\"async\" width=\"660\" height=\"880\" src=\"https:\/\/www.zum-griechen-stollberg.de\/wp-content\/uploads\/2024\/06\/IMG_3493-768x1024.jpg\" class=\"\" alt=\"\" srcset=\"https:\/\/www.zum-griechen-stollberg.de\/wp-content\/uploads\/2024\/06\/IMG_3493-768x1024.jpg 768w, https:\/\/www.zum-griechen-stollberg.de\/wp-content\/uploads\/2024\/06\/IMG_3493-225x300.jpg 225w, https:\/\/www.zum-griechen-stollberg.de\/wp-content\/uploads\/2024\/06\/IMG_3493-1152x1536.jpg 1152w, https:\/\/www.zum-griechen-stollberg.de\/wp-content\/uploads\/2024\/06\/IMG_3493-1536x2048.jpg 1536w, https:\/\/www.zum-griechen-stollberg.de\/wp-content\/uploads\/2024\/06\/IMG_3493-9x12.jpg 9w, https:\/\/www.zum-griechen-stollberg.de\/wp-content\/uploads\/2024\/06\/IMG_3493-350x467.jpg 350w, https:\/\/www.zum-griechen-stollberg.de\/wp-content\/uploads\/2024\/06\/IMG_3493-scaled.jpg 1920w\" sizes=\"auto, (max-width: 660px) 100vw, 660px\" \/><\/div><\/div><\/div><script id=\"su_image_carousel_69e33cfa9daae_script\">if(window.SUImageCarousel){setTimeout(function() {window.SUImageCarousel.initGallery(document.getElementById(\"su_image_carousel_69e33cfa9daae\"))}, 0);}var su_image_carousel_69e33cfa9daae_script=document.getElementById(\"su_image_carousel_69e33cfa9daae_script\");if(su_image_carousel_69e33cfa9daae_script){su_image_carousel_69e33cfa9daae_script.parentNode.removeChild(su_image_carousel_69e33cfa9daae_script);}<\/script>\nVierjahreszeiten-Biergarten ist ein separater Wintergarten f\u00fcr Feierlichkeiten mit Platz f\u00fcr etwa 50 Personen.<br \/>\nEr verf\u00fcgt \u00fcber eine eigene Bar, die nach Ihren W\u00fcnschen best\u00fcckt wird.<br \/>\nDie Fenster k\u00f6nnen komplett ge\u00f6ffnet werden, sodass man das Gef\u00fchl hat, im Freien zu sitzen.<br \/>\n\u00dcber Deckenlampen, die gleichzeitig auch Heizstrahler sind, kann der Bereich das ganze Jahr \u00fcber genutzt werden.<br \/>\nNat\u00fcrlich kann der Raum auch gegen eine Geb\u00fchr f\u00fcr Tagungen, Seminare oder Schulungen genutzt werden.<br \/>\nBei komplettem Catering durch unsere K\u00fcche entf\u00e4llt die Raummiete.<\/p>\n<hr>\n<p>Unser <strong>Biergarten <\/strong>bietet Platz f\u00fcr etwa 100 Personen.<\/p>\n<hr>\n<p>Barriere freier Zugang zum Restaurant<\/p>\n<hr>\n<p>Stellplatz f\u00fcr Fahrr\u00e4der und e-Bikes mit Ladem\u00f6glichkeit f\u00fcr Kunden<\/p>","protected":false},"excerpt":{"rendered":"<p>Unser Restaurant verf\u00fcgt \u00fcber unterschiedliche R\u00e4umlichkeiten f\u00fcr jeden Anlass Unser gro\u00dfer Gastraum mit ca. 80 Pl\u00e4tzen Ob zu zweit oder mit der ganzen Familie bietet unser gro\u00dfer Gastraum f\u00fcr jeden den passende Platz in griechischer Gem\u00fchtlichkeit. urige Gastlichkeit im Kaminzimmer mit ca. 35 Pl\u00e4tzen Ihr sucht eine passende R\u00e4umlichkeit, f\u00fcr eure Feier von bis ca. &hellip; <a href=\"https:\/\/www.zum-griechen-stollberg.de\/en\/raeumlichkeiten\/\" class=\"more-link\">Continue reading <span class=\"screen-reader-text\">R\u00e4umlichkeiten<\/span><\/a><\/p>","protected":false},"author":1,"featured_media":0,"parent":0,"menu_order":0,"comment_status":"closed","ping_status":"closed","template":"","meta":{"ngg_post_thumbnail":0,"footnotes":""},"class_list":["post-2605","page","type-page","status-publish","hentry"],"_links":{"self":[{"href":"https:\/\/www.zum-griechen-stollberg.de\/en\/wp-json\/wp\/v2\/pages\/2605","targetHints":{"allow":["GET"]}}],"collection":[{"href":"https:\/\/www.zum-griechen-stollberg.de\/en\/wp-json\/wp\/v2\/pages"}],"about":[{"href":"https:\/\/www.zum-griechen-stollberg.de\/en\/wp-json\/wp\/v2\/types\/page"}],"author":[{"embeddable":true,"href":"https:\/\/www.zum-griechen-stollberg.de\/en\/wp-json\/wp\/v2\/users\/1"}],"replies":[{"embeddable":true,"href":"https:\/\/www.zum-griechen-stollberg.de\/en\/wp-json\/wp\/v2\/comments?post=2605"}],"version-history":[{"count":12,"href":"https:\/\/www.zum-griechen-stollberg.de\/en\/wp-json\/wp\/v2\/pages\/2605\/revisions"}],"predecessor-version":[{"id":2632,"href":"https:\/\/www.zum-griechen-stollberg.de\/en\/wp-json\/wp\/v2\/pages\/2605\/revisions\/2632"}],"wp:attachment":[{"href":"https:\/\/www.zum-griechen-stollberg.de\/en\/wp-json\/wp\/v2\/media?parent=2605"}],"curies":[{"name":"wp","href":"https:\/\/api.w.org\/{rel}","templated":true}]}}