{"id":2652,"date":"2025-02-25T20:55:44","date_gmt":"2025-02-25T19:55:44","guid":{"rendered":"https:\/\/www.zum-griechen-stollberg.de\/?page_id=2652"},"modified":"2025-03-17T21:45:07","modified_gmt":"2025-03-17T20:45:07","slug":"reservierung","status":"publish","type":"page","link":"https:\/\/www.zum-griechen-stollberg.de\/en\/reservierung\/","title":{"rendered":"Reservierung"},"content":{"rendered":"<p>Reservieren Sie jetzt ganz bequem online.<br \/>\nF\u00fcr Gruppen \u00fcber 10 Personen, besondere Anl\u00e4sse oder spezielle W\u00fcnsche kontaktieren Sie uns gerne per E-Mail: kontakt@zum-griechen-stollberg.de<\/p>\n<div id=\"hors-hydra-68fb6bf2-0235-4c1c-9757-0f1fed2cf5ef\"><\/div>\n<p><script>\u2002\u2002\u2002\u2002\u2002\u2002\nvar _hors=[['eid','hydra-68fb6bf2-0235-4c1c-9757-0f1fed2cf5ef'],['tagid','hors-hydra-68fb6bf2-0235-4c1c-9757-0f1fed2cf5ef'],['width','100%'],['height','650'],['foregroundColor',''],['backgroundColor',''],['linkColor',''],['errorColor',''],['primaryButtonForegroundColor',''],['primaryButtonBackgroundColor',''],['secondaryButtonForegroundColor',''],['secondaryButtonBackgroundColor','']];\u2002\u2002\u2002\u2002\u2002(function(d, t) { var e=d.createElement(t),s=d.getElementsByTagName(t)[0];\u2002\u2002\u2002\u2002e.src = \"https:\/\/reservation.dish.co\/widget.js\";\u2002\u2002\u2002\u2002\u2002\u2002s.parentNode.insertBefore(e,s);\u2002\u2002\u2002\u2002\u2002}(document, 'script'));<\/script><\/p>\n","protected":false},"excerpt":{"rendered":"<p>Reservieren Sie jetzt ganz bequem online. F\u00fcr Gruppen \u00fcber 10 Personen, besondere Anl\u00e4sse oder spezielle W\u00fcnsche kontaktieren Sie uns gerne per E-Mail: kontakt@zum-griechen-stollberg.de<\/p>","protected":false},"author":1,"featured_media":0,"parent":0,"menu_order":0,"comment_status":"closed","ping_status":"closed","template":"","meta":{"ngg_post_thumbnail":0,"footnotes":""},"class_list":["post-2652","page","type-page","status-publish","hentry"],"_links":{"self":[{"href":"https:\/\/www.zum-griechen-stollberg.de\/en\/wp-json\/wp\/v2\/pages\/2652","targetHints":{"allow":["GET"]}}],"collection":[{"href":"https:\/\/www.zum-griechen-stollberg.de\/en\/wp-json\/wp\/v2\/pages"}],"about":[{"href":"https:\/\/www.zum-griechen-stollberg.de\/en\/wp-json\/wp\/v2\/types\/page"}],"author":[{"embeddable":true,"href":"https:\/\/www.zum-griechen-stollberg.de\/en\/wp-json\/wp\/v2\/users\/1"}],"replies":[{"embeddable":true,"href":"https:\/\/www.zum-griechen-stollberg.de\/en\/wp-json\/wp\/v2\/comments?post=2652"}],"version-history":[{"count":10,"href":"https:\/\/www.zum-griechen-stollberg.de\/en\/wp-json\/wp\/v2\/pages\/2652\/revisions"}],"predecessor-version":[{"id":2667,"href":"https:\/\/www.zum-griechen-stollberg.de\/en\/wp-json\/wp\/v2\/pages\/2652\/revisions\/2667"}],"wp:attachment":[{"href":"https:\/\/www.zum-griechen-stollberg.de\/en\/wp-json\/wp\/v2\/media?parent=2652"}],"curies":[{"name":"wp","href":"https:\/\/api.w.org\/{rel}","templated":true}]}}