{"id":613,"date":"2020-04-04T10:53:57","date_gmt":"2020-04-04T09:53:57","guid":{"rendered":"https:\/\/www.grieche-stollberg.de\/?page_id=613"},"modified":"2026-04-19T09:35:58","modified_gmt":"2026-04-19T08:35:58","slug":"willkommen","status":"publish","type":"page","link":"https:\/\/www.zum-griechen-stollberg.de\/en\/","title":{"rendered":"Welcome to your greek restaurant in Stollberg"},"content":{"rendered":"<h2 style=\"font-family: Metamorphous;\">Wir sind f\u00fcr euch da!<\/h2>\n<div class=\"su-row\"><div class=\"su-column su-column-size-1-2\"><div class=\"su-column-inner su-u-clearfix su-u-trim\">\n<p><strong style=\"font-size: 22px;\">Montag &#8211; Freitag<br \/>\n17:00 &#8211; 22:00 Uhr<br \/>\n<\/strong><br \/>\n<strong style=\"font-size: 22px;\">Dienstag<\/strong><br \/>\nRuhetag<\/p>\n<p><strong style=\"font-size: 22px;\">Samstag<br \/>\n17:00 &#8211; 23:00 Uhr<\/strong><br \/>\n<small>Bei Gesellschaften ab 20 Personen \u00f6ffnen wir auch ab 11:30 Uhr. Ob eine Mittags\u00f6ffnung stattfindet, sehen Sie in unserem <a href=\"https:\/\/www.zum-griechen-stollberg.de\/reservierung\/\">Online-Reservierungssystem<\/a>. Sind Zeiten buchbar, haben wir ge\u00f6ffnet. Oder telefonisch, per Mail oder WhatsApp anfragen.<\/small><\/p>\n<p><strong style=\"font-size: 22px;\">Sonntag &amp; Feiertag<br \/>\n11:30 &#8211; 22:00 Uhr<\/strong><\/p>\n<p>und nach Vereinbarung<\/p>\n<p><!--\n\n\n<p style=\"background: red; color: #fff; padding: 15px\">Vom 13. Januar bis 06. Februar bleibt unser Restaurant wegen Renovierungs- und Umbauarbeiten geschlossen. Ab 07. Februar sind wir wieder f\u00fcr euch - in neuem Glanz - da.<\/p>\n\n\n--><br \/>\n<!--<strong>ab 1. Mai bis 01. September gelten wieder unsere Sommer\u00f6ffnungszeiten:<\/strong>\n\n<strong>Montag: <\/strong>\n\n17:00 - 22:00 Uhr\n\n<strong>Dienstag<\/strong>\n\nRuhetag\n\n<strong>Mittwoch - Freitag: <\/strong>\n\n11:30 Uhr- 14:30 Uhr und 17:00 Uhr - 22:00 Uhr\n\n<strong>Samstag <\/strong>\n\n11:30 Uhr - 23:00 Uhr\n\n<strong>Sonntag <\/strong>\n\n11:30 Uhr - 22:00 Uhr\n\n--><br \/>\nBei uns ist EC-Karten-Zahlung und Barzahlung m\u00f6glich<br \/>\n<!--<span style=\"font-size: 22px;\"><strong>Montag bis Freitag<\/strong><\/span>\n\n<span style=\"font-size: 22px;\"><strong>11:30 Uhr - 14:30 Uhr und 17:00 - 22:00 Uhr <\/strong><\/span>\n\n<span style=\"font-size: 22px;\"><strong>(und nach Vereinbarung)<\/strong><\/span>\n\n<span style=\"font-size: 22px;\"><strong>Samstag und Feiertag<\/strong><\/span>\n\n<span style=\"font-size: 22px;\"><strong>11:30 Uhr bis 23:00 Uhr<\/strong><\/span>\n\n<span style=\"font-size: 22px;\"><strong>Sonntag 11:30 Uhr bis 22:00 Uhr<\/strong><\/span>--><\/p>\n<p><!--<span style=\"font-size: 22px;\"><strong>Unsere Vier-Jahreszeiten-Biergarten ist t\u00e4glich, zu unseren \u00d6ffnungszeiten ge\u00f6ffnet!<\/strong><\/span>--><\/p>\n<p>&nbsp;<\/p>\n<\/div><\/div>\n<div class=\"su-column su-column-size-1-2\"><div class=\"su-column-inner su-u-clearfix su-u-trim\"><figure id=\"attachment_2743\" aria-describedby=\"caption-attachment-2743\" style=\"width: 1206px\" class=\"wp-caption aligncenter\"><img loading=\"lazy\" decoding=\"async\" src=\"https:\/\/www.zum-griechen-stollberg.de\/wp-content\/uploads\/2026\/04\/grieche-mai2026.jpg\" alt=\"\" width=\"1206\" height=\"1193\" class=\"size-full wp-image-2743\" srcset=\"https:\/\/www.zum-griechen-stollberg.de\/wp-content\/uploads\/2026\/04\/grieche-mai2026.jpg 1206w, https:\/\/www.zum-griechen-stollberg.de\/wp-content\/uploads\/2026\/04\/grieche-mai2026-300x297.jpg 300w, https:\/\/www.zum-griechen-stollberg.de\/wp-content\/uploads\/2026\/04\/grieche-mai2026-1024x1013.jpg 1024w, https:\/\/www.zum-griechen-stollberg.de\/wp-content\/uploads\/2026\/04\/grieche-mai2026-768x760.jpg 768w, https:\/\/www.zum-griechen-stollberg.de\/wp-content\/uploads\/2026\/04\/grieche-mai2026-12x12.jpg 12w, https:\/\/www.zum-griechen-stollberg.de\/wp-content\/uploads\/2026\/04\/grieche-mai2026-350x346.jpg 350w, https:\/\/www.zum-griechen-stollberg.de\/wp-content\/uploads\/2026\/04\/grieche-mai2026-100x100.jpg 100w\" sizes=\"auto, (max-width: 1206px) 100vw, 1206px\" \/><figcaption id=\"caption-attachment-2743\" class=\"wp-caption-text\">Screenshot<\/figcaption><\/figure><!--<img loading=\"lazy\" decoding=\"async\" src=\"https:\/\/www.zum-griechen-stollberg.de\/wp-content\/uploads\/2022\/09\/IMG_7828-scaled.jpg\" alt=\"\" width=\"2511\" height=\"2560\" class=\"aligncenter size-full wp-image-2496\" srcset=\"https:\/\/www.zum-griechen-stollberg.de\/wp-content\/uploads\/2022\/09\/IMG_7828-scaled.jpg 2511w, https:\/\/www.zum-griechen-stollberg.de\/wp-content\/uploads\/2022\/09\/IMG_7828-294x300.jpg 294w, https:\/\/www.zum-griechen-stollberg.de\/wp-content\/uploads\/2022\/09\/IMG_7828-1004x1024.jpg 1004w, https:\/\/www.zum-griechen-stollberg.de\/wp-content\/uploads\/2022\/09\/IMG_7828-768x783.jpg 768w, https:\/\/www.zum-griechen-stollberg.de\/wp-content\/uploads\/2022\/09\/IMG_7828-1507x1536.jpg 1507w, https:\/\/www.zum-griechen-stollberg.de\/wp-content\/uploads\/2022\/09\/IMG_7828-2009x2048.jpg 2009w, https:\/\/www.zum-griechen-stollberg.de\/wp-content\/uploads\/2022\/09\/IMG_7828-12x12.jpg 12w, https:\/\/www.zum-griechen-stollberg.de\/wp-content\/uploads\/2022\/09\/IMG_7828-350x357.jpg 350w\" sizes=\"auto, (max-width: 2511px) 100vw, 2511px\" \/>--><\/div><\/div><\/div>\n<p>Eure Reservierung nehmen wir gern <a href=\"https:\/\/www.zum-griechen-stollberg.de\/reservierung\/\">Online <\/a> oder unter<span style=\"font-weight: bold;\"><strong> +49 173 2554935 oder 037296 33 38<\/strong><\/span> entgegen.<\/p>\n<hr>\n<p><span style=\"font-size: 22px;\"><strong><!--Die Abholung von Speisen und Getr\u00e4nken f\u00fcr eure kleine oder gro\u00dfe Feier, ist im Restaurant nach Absprache weiterhin m\u00f6glich.\n\nStellt euch aus der <a href=\"https:\/\/www.zum-griechen-stollberg.de\/speisekarte\/\">Speisekarte <\/a>euer Wunschmen\u00fc und die passenden <a href=\"https:\/\/www.zum-griechen-stollberg.de\/speisekarte\/#getraenke\">Getr\u00e4nke <\/a>zusammen und w\u00e4hlt <span style=\"color: red; font-weight: bold;\">+49 173 2554935 oder 037296 33 38<\/span>.\n\n--><\/strong><\/span><span style=\"font-size: 22px;\"><strong><br \/>\nWir freuen uns auf euch.&nbsp;<\/strong><\/span><\/p>\n<p><span style=\"font-size: 22px;\"><strong>Euer Team vom <\/strong><\/span><span style=\"font-size: 22px;\"><strong><span style=\"font-family: Metamorphous; font-size: 17px;\">\u201eZum Griechen\u201c<\/span><\/strong><\/span><span style=\"font-size: 22px;\"><strong><br \/>\n<\/strong><\/span><span style=\"font-size: 22px;\"><strong><!--[su_row][su_column size=\"1\/2\" center=\"no\" class=\"\"] wir sorgen t\u00e4glich f\u00fcr Euren Genuss 17:00 - 21:00 Uhr Liefer- und Abholservice (Lieferung in stark frequentierten Zeiten ggf. eingeschr\u00e4nkt) Mobil unter +49 173 2554935 oder Festnetz +49 37296 3338. [\/su_column] [su_column size=\"1\/2\" center=\"no\" class=\"\"]Liefer- und Abholservice an den Feiertagen: 24.&nbsp; Dezember: geschlossen 25. Dezember:&nbsp; 17 - 21 Uhr 26.\/27. Dezember: 11 - 21 Uhr 31. Dezember: 11 - 21 Uhr[\/su_column][\/su_row] --><\/strong><\/span><span style=\"font-size: 22px;\"><strong><br \/>\n<\/strong><\/span><span style=\"font-size: 22px;\"><strong><!--<a href=\"https:\/\/karte.zum-griechen-stollberg.de\/karte-karte-november2020.pdf\" target=\"_blank\" rel=\"noopener noreferrer\"><img loading=\"lazy\" decoding=\"async\" src=\"https:\/\/www.zum-griechen-stollberg.de\/wp-content\/uploads\/2020\/11\/schliessung-november2-scaled.jpg\" alt=\"\" width=\"2560\" height=\"1449\" class=\"aligncenter size-full wp-image-1756\" srcset=\"https:\/\/www.zum-griechen-stollberg.de\/wp-content\/uploads\/2020\/11\/schliessung-november2-scaled.jpg 2560w, https:\/\/www.zum-griechen-stollberg.de\/wp-content\/uploads\/2020\/11\/schliessung-november2-scaled-350x198.jpg 350w, https:\/\/www.zum-griechen-stollberg.de\/wp-content\/uploads\/2020\/11\/schliessung-november2-300x170.jpg 300w, https:\/\/www.zum-griechen-stollberg.de\/wp-content\/uploads\/2020\/11\/schliessung-november2-1024x580.jpg 1024w, https:\/\/www.zum-griechen-stollberg.de\/wp-content\/uploads\/2020\/11\/schliessung-november2-768x435.jpg 768w, https:\/\/www.zum-griechen-stollberg.de\/wp-content\/uploads\/2020\/11\/schliessung-november2-1536x869.jpg 1536w, https:\/\/www.zum-griechen-stollberg.de\/wp-content\/uploads\/2020\/11\/schliessung-november2-2048x1159.jpg 2048w\" sizes=\"auto, (max-width: 2560px) 100vw, 2560px\" \/><\/a>--><\/strong><\/span><span style=\"font-size: 22px;\"><strong><br \/>\n<\/strong><\/span><span style=\"font-size: 22px;\"><strong><!--<img loading=\"lazy\" decoding=\"async\" class=\"aligncenter size-full wp-image-1698\" src=\"https:\/\/www.zum-griechen-stollberg.de\/wp-content\/uploads\/2020\/05\/banner-mai-2020.png\" alt=\"\" width=\"800\" height=\"462\" srcset=\"https:\/\/www.zum-griechen-stollberg.de\/wp-content\/uploads\/2020\/05\/banner-mai-2020.png 800w, https:\/\/www.zum-griechen-stollberg.de\/wp-content\/uploads\/2020\/05\/banner-mai-2020-350x202.png 350w, https:\/\/www.zum-griechen-stollberg.de\/wp-content\/uploads\/2020\/05\/banner-mai-2020-300x173.png 300w, https:\/\/www.zum-griechen-stollberg.de\/wp-content\/uploads\/2020\/05\/banner-mai-2020-768x444.png 768w\" sizes=\"auto, (max-width: 800px) 100vw, 800px\" \/>--><\/strong><\/span><span style=\"font-size: 22px;\"><strong><br \/>\n<\/strong><\/span><span style=\"font-size: 22px;\"><strong><!--<img loading=\"lazy\" decoding=\"async\" class=\"aligncenter size-full wp-image-1849\" src=\"https:\/\/www.zum-griechen-stollberg.de\/wp-content\/uploads\/2020\/11\/banner-weihnachtsshop-1.png\" alt=\"\" width=\"1080\" height=\"405\"style=\"margin-bottom: 0\">\n\n<span style=\"display: block; background: #ec0707; color: #fff; padding: 10px;\">Anklicken, aussuchen, genie\u00dfen:<\/span>[su_row][su_column size=\"1\/2\" center=\"no\" class=\"\"]<a href=\"https:\/\/www.zum-griechen-stollberg.de\/produkt\/dimis-marathonfleischplatte\/\"><img loading=\"lazy\" decoding=\"async\" class=\"aligncenter size-full wp-image-1853\" src=\"https:\/\/www.zum-griechen-stollberg.de\/wp-content\/uploads\/2020\/12\/marathonplatte2.png\" alt=\"\" width=\"1080\" height=\"810\"><\/a>[\/su_column]\n\n[su_column size=\"1\/2\" center=\"no\" class=\"\"]<a href=\"https:\/\/www.zum-griechen-stollberg.de\/produkt\/langsam-gegarte-lammkeule-aus-dem-backofen\/\"><img loading=\"lazy\" decoding=\"async\" class=\"aligncenter size-full wp-image-1861\" src=\"https:\/\/www.zum-griechen-stollberg.de\/wp-content\/uploads\/2020\/12\/lammkeule2.png\" alt=\"\" width=\"1080\" height=\"810\"><\/a>[\/su_column]\n\n[\/su_row]\n\n[su_row][su_column size=\"1\/2\" center=\"no\" class=\"\"]<a href=\"https:\/\/www.zum-griechen-stollberg.de\/produkt\/griechisches-nationalgericht-musakas\/\"><img loading=\"lazy\" decoding=\"async\" class=\"aligncenter size-full wp-image-1855\" src=\"https:\/\/www.zum-griechen-stollberg.de\/wp-content\/uploads\/2020\/12\/musakas2.png\" alt=\"\" width=\"1080\" height=\"810\"><\/a>[\/su_column]\n\n[su_column size=\"1\/2\" center=\"no\" class=\"\"]<a href=\"https:\/\/www.zum-griechen-stollberg.de\/produkt\/zitronenhaehnchen-griechischer-art-aus-dem-backofen\/\"><img loading=\"lazy\" decoding=\"async\" class=\"aligncenter size-full wp-image-1851\" src=\"https:\/\/www.zum-griechen-stollberg.de\/wp-content\/uploads\/2020\/12\/haenchen2.png\" alt=\"\" width=\"1080\" height=\"810\"><\/a>[\/su_column]\n\n[\/su_row]\n\n[su_row][su_column size=\"1\/2\" center=\"no\" class=\"\"]<a href=\"https:\/\/www.zum-griechen-stollberg.de\/produkt\/frisch-vom-lavasteingrill-gegrillte-dorade-mit-zitronenoelvinigrett\/\"><img loading=\"lazy\" decoding=\"async\" class=\"aligncenter size-full wp-image-1860\" src=\"https:\/\/www.zum-griechen-stollberg.de\/wp-content\/uploads\/2020\/12\/dorade2.png\" alt=\"\" width=\"1080\" height=\"810\"><\/a>[\/su_column]\n\n[su_column size=\"1\/2\" center=\"no\" class=\"\"]<a href=\"https:\/\/www.zum-griechen-stollberg.de\/produkt\/dimis-leckere-vorspeisenplatte-mese-fuer-alle-lecker-besonders-fuer-unsere-vegetarier\/\"><img loading=\"lazy\" decoding=\"async\" class=\"aligncenter size-full wp-image-1864\" src=\"https:\/\/www.zum-griechen-stollberg.de\/wp-content\/uploads\/2020\/12\/mese-platte2.png\" alt=\"\" width=\"1080\" height=\"810\"><\/a>[\/su_column]\n\n[\/su_row]--><\/strong><\/span><span style=\"font-size: 22px;\"><strong><br \/>\n<\/strong><\/span><span style=\"font-size: 22px;\"><strong><!--<a href=\"https:\/\/www.zum-griechen-stollberg.de\/wp-content\/uploads\/2020\/11\/winter-karte-2020.pdf\"><img loading=\"lazy\" decoding=\"async\" src=\"https:\/\/www.zum-griechen-stollberg.de\/wp-content\/uploads\/2020\/11\/sonderkarte-winter.png\" alt=\"\" width=\"1715\" height=\"698\" class=\"aligncenter size-full wp-image-1870\" srcset=\"https:\/\/www.zum-griechen-stollberg.de\/wp-content\/uploads\/2020\/11\/sonderkarte-winter.png 1715w, https:\/\/www.zum-griechen-stollberg.de\/wp-content\/uploads\/2020\/11\/sonderkarte-winter-300x122.png 300w, https:\/\/www.zum-griechen-stollberg.de\/wp-content\/uploads\/2020\/11\/sonderkarte-winter-1024x417.png 1024w, https:\/\/www.zum-griechen-stollberg.de\/wp-content\/uploads\/2020\/11\/sonderkarte-winter-768x313.png 768w, https:\/\/www.zum-griechen-stollberg.de\/wp-content\/uploads\/2020\/11\/sonderkarte-winter-1536x625.png 1536w, https:\/\/www.zum-griechen-stollberg.de\/wp-content\/uploads\/2020\/11\/sonderkarte-winter-350x142.png 350w\" sizes=\"auto, (max-width: 1715px) 100vw, 1715px\" \/><\/a>--><\/strong><\/span><span style=\"font-size: 22px;\"><strong><!--<img loading=\"lazy\" decoding=\"async\" src=\"https:\/\/www.zum-griechen-stollberg.de\/wp-content\/uploads\/2020\/04\/liefern-abholen-ina.jpg\" alt=\"\" width=\"1000\" height=\"1000\" class=\"aligncenter size-full wp-image-1619\" srcset=\"https:\/\/www.zum-griechen-stollberg.de\/wp-content\/uploads\/2020\/04\/liefern-abholen-ina.jpg 1000w, https:\/\/www.zum-griechen-stollberg.de\/wp-content\/uploads\/2020\/04\/liefern-abholen-ina-100x100.jpg 100w, https:\/\/www.zum-griechen-stollberg.de\/wp-content\/uploads\/2020\/04\/liefern-abholen-ina-350x350.jpg 350w, https:\/\/www.zum-griechen-stollberg.de\/wp-content\/uploads\/2020\/04\/liefern-abholen-ina-300x300.jpg 300w, https:\/\/www.zum-griechen-stollberg.de\/wp-content\/uploads\/2020\/04\/liefern-abholen-ina-150x150.jpg 150w, https:\/\/www.zum-griechen-stollberg.de\/wp-content\/uploads\/2020\/04\/liefern-abholen-ina-768x768.jpg 768w\" sizes=\"auto, (max-width: 1000px) 100vw, 1000px\" \/>--><\/strong><\/span><span style=\"font-size: 22px;\"><strong><br \/>\n<\/strong><\/span><span style=\"font-size: 22px;\"><strong><!--<a href=\"https:\/\/www.zum-griechen-stollberg.de\/wp-content\/uploads\/2020\/05\/gyros-pita2.jpg\"><img loading=\"lazy\" decoding=\"async\" class=\"aligncenter size-full wp-image-1708\" src=\"https:\/\/www.zum-griechen-stollberg.de\/wp-content\/uploads\/2020\/05\/gyros-pita2.jpg\" alt=\"\" width=\"1000\" height=\"1000\" srcset=\"https:\/\/www.zum-griechen-stollberg.de\/wp-content\/uploads\/2020\/05\/gyros-pita2.jpg 1000w, https:\/\/www.zum-griechen-stollberg.de\/wp-content\/uploads\/2020\/05\/gyros-pita2-100x100.jpg 100w, https:\/\/www.zum-griechen-stollberg.de\/wp-content\/uploads\/2020\/05\/gyros-pita2-350x350.jpg 350w, https:\/\/www.zum-griechen-stollberg.de\/wp-content\/uploads\/2020\/05\/gyros-pita2-300x300.jpg 300w, https:\/\/www.zum-griechen-stollberg.de\/wp-content\/uploads\/2020\/05\/gyros-pita2-150x150.jpg 150w, https:\/\/www.zum-griechen-stollberg.de\/wp-content\/uploads\/2020\/05\/gyros-pita2-768x768.jpg 768w\" sizes=\"auto, (max-width: 1000px) 100vw, 1000px\" \/><\/a>\n\n<strong>Unsere Hygieneregeln - Bitte beachten, f\u00fcr einen gesunden Genuss<\/strong>\n\n<a href=\"https:\/\/www.zum-griechen-stollberg.de\/wp-content\/uploads\/2020\/05\/mit-abstand.png\"><img loading=\"lazy\" decoding=\"async\" class=\"aligncenter size-full wp-image-1710\" src=\"https:\/\/www.zum-griechen-stollberg.de\/wp-content\/uploads\/2020\/05\/mit-abstand.png\" alt=\"\" width=\"800\" height=\"462\" srcset=\"https:\/\/www.zum-griechen-stollberg.de\/wp-content\/uploads\/2020\/05\/mit-abstand.png 800w, https:\/\/www.zum-griechen-stollberg.de\/wp-content\/uploads\/2020\/05\/mit-abstand-350x202.png 350w, https:\/\/www.zum-griechen-stollberg.de\/wp-content\/uploads\/2020\/05\/mit-abstand-300x173.png 300w, https:\/\/www.zum-griechen-stollberg.de\/wp-content\/uploads\/2020\/05\/mit-abstand-768x444.png 768w\" sizes=\"auto, (max-width: 800px) 100vw, 800px\" \/><\/a>--><\/strong><\/span><span style=\"font-size: 22px;\"><strong><br \/>\n<\/strong><\/span><span style=\"font-size: 22px;\"><strong><!--[su_row][su_column size=\"1\/3\" center=\"no\" class=\"\"]<a href=\"https:\/\/www.zum-griechen-stollberg.de\/wp-content\/uploads\/2020\/05\/hygieneregel1.jpeg\"><img loading=\"lazy\" decoding=\"async\" class=\"aligncenter size-full wp-image-1701\" src=\"https:\/\/www.zum-griechen-stollberg.de\/wp-content\/uploads\/2020\/05\/hygieneregel1.jpeg\" alt=\"\" width=\"828\" height=\"1117\" srcset=\"https:\/\/www.zum-griechen-stollberg.de\/wp-content\/uploads\/2020\/05\/hygieneregel1.jpeg 828w, https:\/\/www.zum-griechen-stollberg.de\/wp-content\/uploads\/2020\/05\/hygieneregel1-350x472.jpeg 350w, https:\/\/www.zum-griechen-stollberg.de\/wp-content\/uploads\/2020\/05\/hygieneregel1-222x300.jpeg 222w, https:\/\/www.zum-griechen-stollberg.de\/wp-content\/uploads\/2020\/05\/hygieneregel1-759x1024.jpeg 759w, https:\/\/www.zum-griechen-stollberg.de\/wp-content\/uploads\/2020\/05\/hygieneregel1-768x1036.jpeg 768w\" sizes=\"auto, (max-width: 828px) 100vw, 828px\" \/><\/a>[\/su_column]\n\n[su_column size=\"1\/3\" center=\"no\" class=\"\"]<a href=\"https:\/\/www.zum-griechen-stollberg.de\/wp-content\/uploads\/2020\/05\/hygieneregel2.jpeg\"><img loading=\"lazy\" decoding=\"async\" class=\"aligncenter size-full wp-image-1703\" src=\"https:\/\/www.zum-griechen-stollberg.de\/wp-content\/uploads\/2020\/05\/hygieneregel3.jpeg\" alt=\"\" width=\"828\" height=\"1123\" srcset=\"https:\/\/www.zum-griechen-stollberg.de\/wp-content\/uploads\/2020\/05\/hygieneregel3.jpeg 828w, https:\/\/www.zum-griechen-stollberg.de\/wp-content\/uploads\/2020\/05\/hygieneregel3-350x475.jpeg 350w, https:\/\/www.zum-griechen-stollberg.de\/wp-content\/uploads\/2020\/05\/hygieneregel3-221x300.jpeg 221w, https:\/\/www.zum-griechen-stollberg.de\/wp-content\/uploads\/2020\/05\/hygieneregel3-755x1024.jpeg 755w, https:\/\/www.zum-griechen-stollberg.de\/wp-content\/uploads\/2020\/05\/hygieneregel3-768x1042.jpeg 768w\" sizes=\"auto, (max-width: 828px) 100vw, 828px\" \/><\/a>[\/su_column]\n\n[su_column size=\"1\/3\" center=\"no\" class=\"\"]<a href=\"https:\/\/www.zum-griechen-stollberg.de\/wp-content\/uploads\/2020\/05\/hygieneregel3.jpeg\"><img loading=\"lazy\" decoding=\"async\" class=\"aligncenter size-full wp-image-1702\" src=\"https:\/\/www.zum-griechen-stollberg.de\/wp-content\/uploads\/2020\/05\/hygieneregel2.jpeg\" alt=\"\" width=\"828\" height=\"1108\" srcset=\"https:\/\/www.zum-griechen-stollberg.de\/wp-content\/uploads\/2020\/05\/hygieneregel2.jpeg 828w, https:\/\/www.zum-griechen-stollberg.de\/wp-content\/uploads\/2020\/05\/hygieneregel2-350x468.jpeg 350w, https:\/\/www.zum-griechen-stollberg.de\/wp-content\/uploads\/2020\/05\/hygieneregel2-224x300.jpeg 224w, https:\/\/www.zum-griechen-stollberg.de\/wp-content\/uploads\/2020\/05\/hygieneregel2-765x1024.jpeg 765w, https:\/\/www.zum-griechen-stollberg.de\/wp-content\/uploads\/2020\/05\/hygieneregel2-768x1028.jpeg 768w\" sizes=\"auto, (max-width: 828px) 100vw, 828px\" \/><\/a>[\/su_column][\/su_row]--><\/strong><\/span><\/p>\n<h1><span style=\"font-size: 22px;\">&nbsp;&nbsp;Anfahrt<\/span><\/h1>\n<p><span style=\"font-size: 22px;\"><strong><iframe loading=\"lazy\" style=\"border: 1px solid black;\" src=\"https:\/\/www.openstreetmap.org\/export\/embed.html?bbox=12.768360972404482%2C50.716409704484334%2C12.775259613990785%2C50.71870570300721&amp;layer=mapnik&amp;marker=50.71756111123939%2C12.771810293197632\" width=\"825\" height=\"350\" frameborder=\"0\" marginwidth=\"0\" marginheight=\"0\" scrolling=\"no\"><\/iframe><\/strong><\/span><span style=\"font-size: 22px;\"><strong><br \/>\n<\/strong><\/span><span style=\"font-size: 22px;\"><strong><small><a href=\"https:\/\/www.openstreetmap.org\/?mlat=50.71756&amp;mlon=12.77181#map=18\/50.71756\/12.77181\">Gr\u00f6\u00dfere Karte anzeigen<\/a><\/small><\/strong><\/span><\/p>\n","protected":false},"excerpt":{"rendered":"<p>Wir sind f\u00fcr euch da! Eure Reservierung nehmen wir gern Online oder unter +49 173 2554935 oder 037296 33 38 entgegen. Wir freuen uns auf euch.&nbsp; Euer Team vom \u201eZum Griechen\u201c &nbsp;&nbsp;Anfahrt Gr\u00f6\u00dfere Karte anzeigen<\/p>","protected":false},"author":1,"featured_media":0,"parent":0,"menu_order":0,"comment_status":"closed","ping_status":"closed","template":"","meta":{"ngg_post_thumbnail":0,"footnotes":""},"class_list":["post-613","page","type-page","status-publish","hentry"],"_links":{"self":[{"href":"https:\/\/www.zum-griechen-stollberg.de\/en\/wp-json\/wp\/v2\/pages\/613","targetHints":{"allow":["GET"]}}],"collection":[{"href":"https:\/\/www.zum-griechen-stollberg.de\/en\/wp-json\/wp\/v2\/pages"}],"about":[{"href":"https:\/\/www.zum-griechen-stollberg.de\/en\/wp-json\/wp\/v2\/types\/page"}],"author":[{"embeddable":true,"href":"https:\/\/www.zum-griechen-stollberg.de\/en\/wp-json\/wp\/v2\/users\/1"}],"replies":[{"embeddable":true,"href":"https:\/\/www.zum-griechen-stollberg.de\/en\/wp-json\/wp\/v2\/comments?post=613"}],"version-history":[{"count":211,"href":"https:\/\/www.zum-griechen-stollberg.de\/en\/wp-json\/wp\/v2\/pages\/613\/revisions"}],"predecessor-version":[{"id":2744,"href":"https:\/\/www.zum-griechen-stollberg.de\/en\/wp-json\/wp\/v2\/pages\/613\/revisions\/2744"}],"wp:attachment":[{"href":"https:\/\/www.zum-griechen-stollberg.de\/en\/wp-json\/wp\/v2\/media?parent=613"}],"curies":[{"name":"wp","href":"https:\/\/api.w.org\/{rel}","templated":true}]}}