{"id":77,"date":"2012-10-02T13:45:19","date_gmt":"2012-10-02T11:45:19","guid":{"rendered":"http:\/\/zum-griechen-stollberg.de\/wordpress\/?page_id=77"},"modified":"2020-04-04T17:55:15","modified_gmt":"2020-04-04T16:55:15","slug":"suppen-und-kalte-vorspeisen","status":"publish","type":"page","link":"https:\/\/www.zum-griechen-stollberg.de\/en\/suppen-und-kalte-vorspeisen\/","title":{"rendered":"Suppen und kalte Vorspeisen"},"content":{"rendered":"<h2>Vorsuppen<\/h2>\n<div class=\"angebote_entry\">\n<div class=\"speisekarte_links\">\n\t\t<strong>Tomatencremesuppe<\/strong>\n\t<\/div>\n<\/div>\n<div class=\"angebote_entry\">\n<div class=\"speisekarte_links\">\n\t\t<strong>Knoblauchsuppe<\/strong>\n\t<\/div>\n<\/div>\n<div class=\"angebote_entry\">\n<div class=\"speisekarte_links\">\n\t\t<strong>Fassoulada<\/strong><\/p>\n<p>klassische griechische Bohnensuppe<\/p>\n<\/p><\/div>\n<\/div>\n<div class=\"angebote_entry\">\n<div class=\"speisekarte_links\">\n\t\t<strong>Champignonsuppe<\/strong>\n\t<\/div>\n<\/div>\n<h2>kalte griechische Vorspeisen<\/h2>\n<div class=\"angebote_entry\">\n<div class=\"speisekarte_links\">\n\t\t<strong>Tsatziki<\/strong>\n\t<\/div>\n<\/div>\n<div class=\"angebote_entry\">\n<div class=\"speisekarte_links\">\n\t\t<strong>Tatar (eine peliotische Spezialit\u00e4t)<\/strong><\/p>\n<p>griechischer Schafsk\u00e4se mit Dill und Knoblauch ger\u00fchrt<\/p>\n<\/p><\/div>\n<\/div>\n<div class=\"angebote_entry\">\n<div class=\"speisekarte_links\">\n\t\t<strong>Kopanisti<\/strong><\/p>\n<p>griechischer Schafsk\u00e4se mit Tomatenmark und Knoblauch<\/p>\n<\/p><\/div>\n<\/div>\n<div class=\"angebote_entry\">\n<div class=\"speisekarte_links\">\n\t\t<strong>Peperoni und Oliven<\/strong><\/p>\n<p>auf Tsatziki<\/p>\n<\/p><\/div>\n<\/div>\n<div class=\"angebote_entry\">\n<div class=\"speisekarte_links\">\n\t\t<strong>Feta mit frischem Knoblauch<\/strong><\/p>\n<p>griechischer Schafsk\u00e4se garniert mit Tomate, Peperoni, Oliven<\/p>\n<\/p><\/div>\n<\/div>\n<div class=\"angebote_entry\">\n<div class=\"speisekarte_links\">\n\t\t<strong>Mese f\u00fcr eine Person<\/strong><\/p>\n<p>verschiedene kalte griechische Vorspeisen<\/p>\n<\/p><\/div>\n<\/div>\n<div class=\"angebote_entry\">\n<div class=\"speisekarte_links\">\n\t\t<strong>Mese f\u00fcr zwei Personen<\/strong><\/p>\n<p>verschiedene kalte griechische Vorspeisen<\/p>\n<\/p><\/div>\n<\/div>\n<h3>Alle Vorspeisen werden mit Brot serviert!<\/h3>","protected":false},"excerpt":{"rendered":"<p>Vorsuppen Tomatencremesuppe Knoblauchsuppe Fassoulada klassische griechische Bohnensuppe Champignonsuppe kalte griechische Vorspeisen Tsatziki Tatar (eine peliotische Spezialit\u00e4t) griechischer Schafsk\u00e4se mit Dill und Knoblauch ger\u00fchrt Kopanisti griechischer Schafsk\u00e4se mit Tomatenmark und Knoblauch Peperoni und Oliven auf Tsatziki Feta mit frischem Knoblauch griechischer Schafsk\u00e4se garniert mit Tomate, Peperoni, Oliven Mese f\u00fcr eine Person verschiedene kalte griechische Vorspeisen Mese &hellip; <a href=\"https:\/\/www.zum-griechen-stollberg.de\/en\/suppen-und-kalte-vorspeisen\/\" class=\"more-link\">Continue reading <span class=\"screen-reader-text\">Suppen und kalte Vorspeisen<\/span><\/a><\/p>","protected":false},"author":1,"featured_media":0,"parent":0,"menu_order":0,"comment_status":"open","ping_status":"open","template":"","meta":{"ngg_post_thumbnail":0,"footnotes":""},"class_list":["post-77","page","type-page","status-publish","hentry"],"_links":{"self":[{"href":"https:\/\/www.zum-griechen-stollberg.de\/en\/wp-json\/wp\/v2\/pages\/77","targetHints":{"allow":["GET"]}}],"collection":[{"href":"https:\/\/www.zum-griechen-stollberg.de\/en\/wp-json\/wp\/v2\/pages"}],"about":[{"href":"https:\/\/www.zum-griechen-stollberg.de\/en\/wp-json\/wp\/v2\/types\/page"}],"author":[{"embeddable":true,"href":"https:\/\/www.zum-griechen-stollberg.de\/en\/wp-json\/wp\/v2\/users\/1"}],"replies":[{"embeddable":true,"href":"https:\/\/www.zum-griechen-stollberg.de\/en\/wp-json\/wp\/v2\/comments?post=77"}],"version-history":[{"count":16,"href":"https:\/\/www.zum-griechen-stollberg.de\/en\/wp-json\/wp\/v2\/pages\/77\/revisions"}],"predecessor-version":[{"id":1496,"href":"https:\/\/www.zum-griechen-stollberg.de\/en\/wp-json\/wp\/v2\/pages\/77\/revisions\/1496"}],"wp:attachment":[{"href":"https:\/\/www.zum-griechen-stollberg.de\/en\/wp-json\/wp\/v2\/media?parent=77"}],"curies":[{"name":"wp","href":"https:\/\/api.w.org\/{rel}","templated":true}]}}